{"id":1025,"date":"2023-09-22T16:39:34","date_gmt":"2023-09-22T16:39:34","guid":{"rendered":"https:\/\/costajump.com\/barcelona\/?page_id=1025"},"modified":"2023-09-22T20:19:03","modified_gmt":"2023-09-22T20:19:03","slug":"zonas","status":"publish","type":"page","link":"https:\/\/costajump.com\/barcelona\/zonas\/","title":{"rendered":"Zonas"},"content":{"rendered":"<section class=\"wpb-content-wrapper\"><p>[vc_row][vc_column][vc_empty_space height=&#8221;100px&#8221; alter_height=&#8221;none&#8221; hide_on_mobile=&#8221;&#8221;][\/vc_column][vc_column width=&#8221;1\/2&#8243;][vc_single_image image=&#8221;1106&#8243; img_size=&#8221;large&#8221;][\/vc_column][vc_column width=&#8221;1\/2&#8243; css=&#8221;.vc_custom_1695413079566{background-color: #1e73be !important;border-radius: 35px !important;}&#8221;][vc_column_text css=&#8221;.vc_custom_1695413086696{padding: 30px !important;}&#8221;]<\/p>\n<h3 style=\"text-align: center;\"><span style=\"color: #ffff00;\">Zona de Saltos<\/span><\/h3>\n<p style=\"text-align: center;\"><span style=\"color: #ffffff;\">La zona de saltos es el \u00e1rea mas grande del parque. Cuenta con camas el\u00e1sticas interconectadas para disfrutar, \u00a1querr\u00e1s saltar todo el tiempo! Nuestra zona de saltos es solo una de las cuatro zonas principales de nuestro parque, \u00a1las dem\u00e1s zonas estar\u00e1n disponibles cuando pagues 1 hora de sesi\u00f3n de saltos!<\/span><\/p>\n<p>[\/vc_column_text][\/vc_column][\/vc_row][vc_row][vc_column][vc_empty_space height=&#8221;100px&#8221; alter_height=&#8221;none&#8221; hide_on_mobile=&#8221;&#8221;][\/vc_column][vc_column width=&#8221;1\/2&#8243;][vc_single_image image=&#8221;1102&#8243; img_size=&#8221;large&#8221;][\/vc_column][vc_column width=&#8221;1\/2&#8243; css=&#8221;.vc_custom_1695413079566{background-color: #1e73be !important;border-radius: 35px !important;}&#8221;][vc_column_text css=&#8221;.vc_custom_1695413168296{padding-top: 30px !important;padding-right: 30px !important;padding-bottom: 30px !important;padding-left: 30px !important;}&#8221;]<\/p>\n<h3 style=\"text-align: center;\"><span style=\"color: #ffff00;\">Batalla de vigas<\/span><\/h3>\n<p style=\"text-align: center;\"><span style=\"color: #ffffff;\">\u00a1Vigas de batalla! Un juego de gladiador de estilo de combate agradable y competitivo, la primera persona a golpear el otro de las vigas gana. Simple pero muy divertido!<\/span><\/p>\n<p>[\/vc_column_text][\/vc_column][\/vc_row][vc_row][vc_column][vc_empty_space height=&#8221;100px&#8221; alter_height=&#8221;none&#8221; hide_on_mobile=&#8221;&#8221;][\/vc_column][vc_column width=&#8221;1\/2&#8243;][vc_single_image image=&#8221;1101&#8243; img_size=&#8221;large&#8221;][\/vc_column][vc_column width=&#8221;1\/2&#8243; css=&#8221;.vc_custom_1695413079566{background-color: #1e73be !important;border-radius: 35px !important;}&#8221;][vc_column_text css=&#8221;.vc_custom_1695413259562{padding-top: 30px !important;padding-right: 30px !important;padding-bottom: 30px !important;padding-left: 30px !important;}&#8221;]<\/p>\n<h3 style=\"text-align: center;\"><span style=\"color: #ffff00;\">Baloncesto<\/span><\/h3>\n<p style=\"text-align: center;\"><span style=\"color: #ffffff;\">Gracias a nuestros tres trampolines\u00a0y las canastas, podr\u00e1s intentar un mate. Imp\u00falsate con ayuda del trampol\u00edn, haz tu acrobacia favorita en el aire y realiza\u00a0el mate de tus sue\u00f1os. En CostaJump te sentir\u00e1s como Pau Gasol o Lebron. \u00a1Si\u00e9ntete como si estuvieras en la NBA!<\/span><\/p>\n<p>[\/vc_column_text][\/vc_column][\/vc_row][vc_row][vc_column][vc_empty_space height=&#8221;100px&#8221; alter_height=&#8221;none&#8221; hide_on_mobile=&#8221;&#8221;][\/vc_column][vc_column width=&#8221;1\/2&#8243;][vc_single_image image=&#8221;1112&#8243; img_size=&#8221;large&#8221;][\/vc_column][vc_column width=&#8221;1\/2&#8243; css=&#8221;.vc_custom_1695413079566{background-color: #1e73be !important;border-radius: 35px !important;}&#8221;][vc_column_text css=&#8221;.vc_custom_1695413356736{padding-top: 30px !important;padding-right: 30px !important;padding-bottom: 30px !important;padding-left: 30px !important;}&#8221;]<\/p>\n<h3 style=\"text-align: center;\"><span style=\"color: #ffff00;\">Wipeout<\/span><\/h3>\n<p style=\"text-align: center;\"><span style=\"color: #ffffff;\">Reta a tus amigos en el WipeOut, las normas son muy simples, el ultimo que toque la barra giratoria es el ganador!<\/span><\/p>\n<p>[\/vc_column_text][\/vc_column][\/vc_row][vc_row][vc_column][vc_empty_space height=&#8221;100px&#8221; alter_height=&#8221;none&#8221; hide_on_mobile=&#8221;&#8221;][\/vc_column][vc_column width=&#8221;1\/2&#8243;][vc_single_image image=&#8221;1111&#8243; img_size=&#8221;large&#8221;][\/vc_column][vc_column width=&#8221;1\/2&#8243; css=&#8221;.vc_custom_1695413079566{background-color: #1e73be !important;border-radius: 35px !important;}&#8221;][vc_column_text css=&#8221;.vc_custom_1695413409533{padding-top: 30px !important;padding-right: 30px !important;padding-bottom: 30px !important;padding-left: 30px !important;}&#8221;]<\/p>\n<h3 style=\"text-align: center;\"><span style=\"color: #ffff00;\">Slide<\/span><\/h3>\n<p style=\"text-align: center;\"><span style=\"color: #ffffff;\">Deslizate por nuestro tobogan solo o con tus amigos hasta que acabes en nuestra zona de aterrizaje!<\/span><\/p>\n<p>[\/vc_column_text][\/vc_column][\/vc_row][vc_row][vc_column][vc_empty_space height=&#8221;100px&#8221; alter_height=&#8221;none&#8221; hide_on_mobile=&#8221;&#8221;][\/vc_column][vc_column width=&#8221;1\/2&#8243;][vc_single_image image=&#8221;1107&#8243; img_size=&#8221;large&#8221;][\/vc_column][vc_column width=&#8221;1\/2&#8243; css=&#8221;.vc_custom_1695413079566{background-color: #1e73be !important;border-radius: 35px !important;}&#8221;][vc_column_text css=&#8221;.vc_custom_1695413521930{padding-top: 30px !important;padding-right: 30px !important;padding-bottom: 30px !important;padding-left: 30px !important;}&#8221;]<\/p>\n<h3 style=\"text-align: center;\"><span style=\"color: #ffff00;\">Futbol<\/span><\/h3>\n<p style=\"text-align: center;\"><span style=\"color: #ffffff;\">\u00a1Nuestra cancha de Futbol est\u00e1 lista y esper\u00e1ndote! Las reglas son simples, dos equipos se enfrentan uno contra el otro en un campo de trampolines.<\/span><\/p>\n<p>[\/vc_column_text][\/vc_column][\/vc_row][vc_row][vc_column][vc_empty_space height=&#8221;100px&#8221; alter_height=&#8221;none&#8221; hide_on_mobile=&#8221;&#8221;][\/vc_column][vc_column width=&#8221;1\/2&#8243;][vc_single_image image=&#8221;1110&#8243; img_size=&#8221;large&#8221;][\/vc_column][vc_column width=&#8221;1\/2&#8243; css=&#8221;.vc_custom_1695413079566{background-color: #1e73be !important;border-radius: 35px !important;}&#8221;][vc_column_text css=&#8221;.vc_custom_1695413572002{padding-top: 30px !important;padding-right: 30px !important;padding-bottom: 30px !important;padding-left: 30px !important;}&#8221;]<\/p>\n<h3 style=\"text-align: center;\"><span style=\"color: #ffff00;\">Cama olimpica<\/span><\/h3>\n<p style=\"text-align: center;\"><span style=\"color: #ffffff;\">Salta sin limites en nuestra cama elastica olimpica. Ense\u00f1a a tus amigos tus mejores acrobacias!<\/span><\/p>\n<p>[\/vc_column_text][\/vc_column][\/vc_row][vc_row][vc_column][vc_empty_space height=&#8221;100px&#8221; alter_height=&#8221;none&#8221; hide_on_mobile=&#8221;&#8221;][\/vc_column][vc_column width=&#8221;1\/2&#8243;][vc_single_image image=&#8221;1109&#8243; img_size=&#8221;large&#8221;][\/vc_column][vc_column width=&#8221;1\/2&#8243; css=&#8221;.vc_custom_1695413079566{background-color: #1e73be !important;border-radius: 35px !important;}&#8221;][vc_column_text css=&#8221;.vc_custom_1695413619540{padding-top: 30px !important;padding-right: 30px !important;padding-bottom: 30px !important;padding-left: 30px !important;}&#8221;]<\/p>\n<h3 style=\"text-align: center;\"><span style=\"color: #ffff00;\">Circuito Ninja<\/span><\/h3>\n<p style=\"text-align: center;\"><span style=\"color: #ffffff;\">Desafio a trav\u00e9s de puertas flotantes, un mar de anillos, redes y m\u00e1s en uno de los circuitos Ninja donde la adrenalina bombea. Prueba tu fuerza, habilidad, velocidad y resistencia y evita caer en la piscina de gomaespuma de abajo!<\/span><\/p>\n<p>[\/vc_column_text][\/vc_column][\/vc_row][vc_row][vc_column][vc_empty_space height=&#8221;100px&#8221; alter_height=&#8221;none&#8221; hide_on_mobile=&#8221;&#8221;][\/vc_column][vc_column width=&#8221;1\/2&#8243;][vc_single_image image=&#8221;1105&#8243; img_size=&#8221;large&#8221;][\/vc_column][vc_column width=&#8221;1\/2&#8243; css=&#8221;.vc_custom_1695413079566{background-color: #1e73be !important;border-radius: 35px !important;}&#8221;][vc_column_text css=&#8221;.vc_custom_1695413668809{padding-top: 30px !important;padding-right: 30px !important;padding-bottom: 30px !important;padding-left: 30px !important;}&#8221;]<\/p>\n<h3 style=\"text-align: center;\"><span style=\"color: #ffff00;\">Piscina de Gomaespuma<\/span><\/h3>\n<p style=\"text-align: center;\"><span style=\"color: #ffffff;\">\u00a1La piscina de gomaespuma es la zona donde podr\u00e1s probar tus saltos\u00a0acrob\u00e1ticos y volar por los aires!\u00a0Aterrizar\u00e1s sobre unos bloques blandos\u00a0de gomaespuma. La piscina de gomaespuma tiene 5000 bloques de gomaespuma y est\u00e1 suspendida sobre una gran cama el\u00e1stica para ofrecer la m\u00e1xima seguridad al caer.<\/span><\/p>\n<p>[\/vc_column_text][\/vc_column][\/vc_row][vc_row][vc_column][vc_empty_space height=&#8221;100px&#8221; alter_height=&#8221;none&#8221; hide_on_mobile=&#8221;&#8221;][\/vc_column][vc_column width=&#8221;1\/2&#8243;][vc_single_image image=&#8221;1104&#8243; img_size=&#8221;large&#8221;][\/vc_column][vc_column width=&#8221;1\/2&#8243; css=&#8221;.vc_custom_1695413079566{background-color: #1e73be !important;border-radius: 35px !important;}&#8221;][vc_column_text css=&#8221;.vc_custom_1695413710018{padding-top: 30px !important;padding-right: 30px !important;padding-bottom: 30px !important;padding-left: 30px !important;}&#8221;]<\/p>\n<h3 style=\"text-align: center;\"><span style=\"color: #ffff00;\">Dodgeball<\/span><\/h3>\n<p style=\"text-align: center;\"><span style=\"color: #ffffff;\">\u00a1Nuestra cancha de Dodgeball est\u00e1 lista y esper\u00e1ndote!\u00a0Las reglas son simples, dos equipos se enfrentan\u00a0uno contra el otro en un campo de trampolines con paredes el\u00e1sticas en \u00e1ngulo, para enfrentarse con balones\u00a0de gomaespuma. Si alcanzas a un oponente con un bal\u00f3n de\u00a0Dodgeball\u00a0queda fuera.\u00a0\u00a1Solo puede haber un ganador!<\/span><\/p>\n<p>[\/vc_column_text][\/vc_column][\/vc_row][vc_row][vc_column][vc_empty_space height=&#8221;100px&#8221; alter_height=&#8221;none&#8221; hide_on_mobile=&#8221;&#8221;][\/vc_column][vc_column width=&#8221;1\/2&#8243;][vc_single_image image=&#8221;1100&#8243; img_size=&#8221;large&#8221;][\/vc_column][vc_column width=&#8221;1\/2&#8243; css=&#8221;.vc_custom_1695413079566{background-color: #1e73be !important;border-radius: 35px !important;}&#8221;][vc_column_text css=&#8221;.vc_custom_1695413793779{padding-top: 30px !important;padding-right: 30px !important;padding-bottom: 30px !important;padding-left: 30px !important;}&#8221;]<\/p>\n<h3 style=\"text-align: center;\"><span style=\"color: #ffff00;\">Airbag<\/span><\/h3>\n<p style=\"text-align: center;\"><span style=\"color: #ffffff;\">Salta a nuestro Airbag sin miedo! El aire de nuestro globo gigante se asegurara de que puedas probar nuevas acrobacias con tus amigos!<\/span><\/p>\n<p>[\/vc_column_text][\/vc_column][\/vc_row][vc_row][vc_column][vc_empty_space height=&#8221;100px&#8221; alter_height=&#8221;none&#8221; hide_on_mobile=&#8221;&#8221;][\/vc_column][vc_column width=&#8221;1\/2&#8243;][vc_single_image image=&#8221;1099&#8243; img_size=&#8221;large&#8221;][\/vc_column][vc_column width=&#8221;1\/2&#8243; css=&#8221;.vc_custom_1695413079566{background-color: #1e73be !important;border-radius: 35px !important;}&#8221;][vc_column_text css=&#8221;.vc_custom_1695413846502{padding-top: 30px !important;padding-right: 30px !important;padding-bottom: 30px !important;padding-left: 30px !important;}&#8221;]<\/p>\n<h3 style=\"text-align: center;\"><span style=\"color: #ffff00;\">Aeroball<\/span><\/h3>\n<p style=\"text-align: center;\"><span style=\"color: #ffffff;\">Una combinacion fisica y divertida entre trampolines, baloncesto y beisbol. Un nuevo concepto que combina diversas habilidades haciendo que esta actividad sea una de las mas emocionantes de hoy en dia. Es hora de ser el maestro del Aeroball.<\/span><\/p>\n<p>[\/vc_column_text][\/vc_column][\/vc_row][vc_row][vc_column][vc_empty_space height=&#8221;100px&#8221; alter_height=&#8221;none&#8221; hide_on_mobile=&#8221;&#8221;][\/vc_column][vc_column width=&#8221;1\/2&#8243;][vc_single_image image=&#8221;1103&#8243; img_size=&#8221;large&#8221;][\/vc_column][vc_column width=&#8221;1\/2&#8243; css=&#8221;.vc_custom_1695413079566{background-color: #1e73be !important;border-radius: 35px !important;}&#8221;][vc_column_text css=&#8221;.vc_custom_1695413937519{padding-top: 30px !important;padding-right: 30px !important;padding-bottom: 30px !important;padding-left: 30px !important;}&#8221;]<\/p>\n<h3 style=\"text-align: center;\"><span style=\"color: #ffff00;\">Cardiowall<\/span><\/h3>\n<p><span style=\"color: #ffffff;\">Sobre una gran cama el\u00e1stica CardioWall se coloca justo fuera del alcance de un jugador, desafiando y motivando a los jugadores a saltar m\u00e1s alto, m\u00e1s r\u00e1pido y durante m\u00e1s tiempo de lo que cre\u00edan posible. Los jugadores golpean luces en las tablas de reacci\u00f3n para anotar puntos individualmente o para duales 1-en-1. Cualquiera que sea tu edad, sea cual sea tu habilidad de rebote, \u00a1desaf\u00eda a CardioWall!<\/span>[\/vc_column_text][\/vc_column][\/vc_row]<\/p>\n<\/section>","protected":false},"excerpt":{"rendered":"<p>[vc_row][vc_column][vc_empty_space height=&#8221;100px&#8221; alter_height=&#8221;none&#8221; hide_on_mobile=&#8221;&#8221;][\/vc_column][vc_column width=&#8221;1\/2&#8243;][vc_single_image image=&#8221;1106&#8243; img_size=&#8221;large&#8221;][\/vc_column][vc_column width=&#8221;1\/2&#8243; css=&#8221;.vc_custom_1695413079566{background-color: #1e73be !important;border-radius: 35px !important;}&#8221;][vc_column_text css=&#8221;.vc_custom_1695413086696{padding: 30px !important;}&#8221;] Zona de Saltos La zona de saltos es el \u00e1rea mas grande del parque. Cuenta con camas el\u00e1sticas interconectadas para disfrutar, \u00a1querr\u00e1s saltar todo el tiempo! Nuestra zona de saltos es solo una de las cuatro zonas principales de nuestro parque, \u00a1las dem\u00e1s zonas&hellip;<\/p>\n","protected":false},"author":1,"featured_media":0,"parent":0,"menu_order":0,"comment_status":"closed","ping_status":"closed","template":"","meta":{"footnotes":""},"class_list":["post-1025","page","type-page","status-publish","hentry"],"_links":{"self":[{"href":"https:\/\/costajump.com\/barcelona\/wp-json\/wp\/v2\/pages\/1025","targetHints":{"allow":["GET"]}}],"collection":[{"href":"https:\/\/costajump.com\/barcelona\/wp-json\/wp\/v2\/pages"}],"about":[{"href":"https:\/\/costajump.com\/barcelona\/wp-json\/wp\/v2\/types\/page"}],"author":[{"embeddable":true,"href":"https:\/\/costajump.com\/barcelona\/wp-json\/wp\/v2\/users\/1"}],"replies":[{"embeddable":true,"href":"https:\/\/costajump.com\/barcelona\/wp-json\/wp\/v2\/comments?post=1025"}],"version-history":[{"count":20,"href":"https:\/\/costajump.com\/barcelona\/wp-json\/wp\/v2\/pages\/1025\/revisions"}],"predecessor-version":[{"id":1144,"href":"https:\/\/costajump.com\/barcelona\/wp-json\/wp\/v2\/pages\/1025\/revisions\/1144"}],"wp:attachment":[{"href":"https:\/\/costajump.com\/barcelona\/wp-json\/wp\/v2\/media?parent=1025"}],"curies":[{"name":"wp","href":"https:\/\/api.w.org\/{rel}","templated":true}]}}